{"id":11631,"date":"2023-04-19T03:40:42","date_gmt":"2023-04-19T03:40:42","guid":{"rendered":"https:\/\/sharmfasttrackairport.com\/terms-conditions\/"},"modified":"2023-05-18T14:48:57","modified_gmt":"2023-05-18T14:48:57","slug":"terms-conditions","status":"publish","type":"page","link":"https:\/\/sharmfasttrackairport.com\/de\/terms-conditions\/","title":{"rendered":"Terms &#038; Bedingungen"},"content":{"rendered":"\t\t<div data-elementor-type=\"wp-page\" data-elementor-id=\"11631\" class=\"elementor elementor-11631 elementor-9003\">\n\t\t\t\t\t\t\t\t\t<section class=\"wd-negative-gap elementor-section elementor-top-section elementor-element elementor-element-6cb9bb5 elementor-section-boxed elementor-section-height-default elementor-section-height-default wd-section-disabled\" data-id=\"6cb9bb5\" data-element_type=\"section\">\n\t\t\t\t\t\t<div class=\"elementor-container elementor-column-gap-default\">\n\t\t\t\t\t<div class=\"elementor-column elementor-col-100 elementor-top-column elementor-element elementor-element-82368ef\" data-id=\"82368ef\" data-element_type=\"column\">\n\t\t\t<div class=\"elementor-widget-wrap elementor-element-populated\">\n\t\t\t\t\t\t\t\t<div class=\"elementor-element elementor-element-6104405 color-scheme-inherit text-left elementor-widget elementor-widget-text-editor\" data-id=\"6104405\" data-element_type=\"widget\" data-widget_type=\"text-editor.default\">\n\t\t\t\t<div class=\"elementor-widget-container\">\n\t\t\t<style>\/*! elementor - v3.11.5 - 14-03-2023 *\/\n.elementor-widget-text-editor.elementor-drop-cap-view-stacked .elementor-drop-cap{background-color:#818a91;color:#fff}.elementor-widget-text-editor.elementor-drop-cap-view-framed .elementor-drop-cap{color:#818a91;border:3px solid;background-color:transparent}.elementor-widget-text-editor:not(.elementor-drop-cap-view-default) .elementor-drop-cap{margin-top:8px}.elementor-widget-text-editor:not(.elementor-drop-cap-view-default) .elementor-drop-cap-letter{width:1em;height:1em}.elementor-widget-text-editor .elementor-drop-cap{float:left;text-align:center;line-height:1;font-size:50px}.elementor-widget-text-editor .elementor-drop-cap-letter{display:inline-block}<\/style>\t\t\t\t<div class=\"vc_row wpb_row vc_row-fluid\"><div class=\"wpb_column vc_column_container vc_col-sm-12\"><div class=\"vc_column-inner\"><div class=\"wpb_wrapper\"><div class=\"wpb_text_column wpb_content_element \"><div class=\"wpb_wrapper\"><h3>Sharm Fast Track<\/h3><p>Im Besitz und Betrieb von SharmFastTrack, \u00c4gypten.<\/p><p>Diese Nutzungsbedingungen stellen eine rechtsverbindliche Vereinbarung zwischen Ihnen pers\u00f6nlich und [SharmFastTrack] bez\u00fcglich Ihres Zugriffs auf die [SharmFastTrack]-Website und ihrer Nutzung dar.<\/p><p>Sie erkl\u00e4ren sich damit einverstanden, dass Sie durch den Zugriff auf die Website alle diese Nutzungsbedingungen gelesen und verstanden haben und damit einverstanden sind, an sie gebunden zu sein. Wenn Sie nicht mit allen Nutzungsbedingungen einverstanden sind, ist Ihnen die Nutzung der Website ausdr\u00fccklich untersagt und Sie m\u00fcssen die Nutzung sofort einstellen.<\/p><p>Wir behalten uns das Recht vor, nach eigenem Ermessen jederzeit und aus beliebigem Grund \u00c4nderungen oder Erg\u00e4nzungen an diesen Nutzungsbedingungen vorzunehmen.<\/p><p>Es liegt in Ihrer Verantwortung, diese Nutzungsbedingungen regelm\u00e4\u00dfig zu \u00fcberpr\u00fcfen, um \u00fcber Aktualisierungen auf dem Laufenden zu bleiben. Wenn Sie die Website nach dem Datum der Ver\u00f6ffentlichung dieser \u00fcberarbeiteten Nutzungsbedingungen weiterhin nutzen, unterliegen Sie den \u00c4nderungen in den \u00fcberarbeiteten Nutzungsbedingungen und es wird davon ausgegangen, dass Sie \u00fcber diese \u00c4nderungen informiert wurden und diese akzeptiert haben.<\/p><h3>Terms &amp; Bedingungen<\/h3><p>1- Alle Streitigkeiten oder Anspr\u00fcche, die sich aus oder im Zusammenhang mit dieser Website ergeben, unterliegen den Gesetzen von (\u00c4GYPTEN) und werden entsprechend ausgelegt.<\/p><p>2- \u00c4GYPTEN ist unser Wohnsitzland und das geltende Recht ist das \u00f6rtliche Recht.<\/p><p>3- Kunden, die die Website nutzen und minderj\u00e4hrig bzw. unter 18 Jahre alt sind, d\u00fcrfen sich nicht als Benutzer der Website registrieren und keine Transaktionen auf der Website t\u00e4tigen oder diese nutzen.<\/p><p>4-Wir akzeptieren Online-Zahlungen mit Kredit-\/Debitkarten von Visa und MasterCard in USD und EGP.<\/p><p>5- Der Karteninhaber beh\u00e4lt unmittelbar nach jeder Zahlung per E-Mail eine Kopie der Transaktionsaufzeichnungen sowie der H\u00e4ndlerrichtlinien und -regeln mit der Transaktions-ID und den restlichen Reservierungsdetails.<\/p><p>6- Unsere lieben Benutzer sind f\u00fcr die Wahrung der Vertraulichkeit ihrer Konten verantwortlich.<\/p><p>7- Die Website-Richtlinien und Gesch\u00e4ftsbedingungen k\u00f6nnen gelegentlich ge\u00e4ndert oder aktualisiert werden, um den Anforderungen und Standards gerecht zu werden. Daher wird den Kunden empfohlen, diese Abschnitte regelm\u00e4\u00dfig zu besuchen, um \u00fcber die \u00c4nderungen auf der Website auf dem Laufenden zu bleiben. \u00c4nderungen werden am Tag ihrer Ver\u00f6ffentlichung wirksam.<\/p><h3>Durch die Nutzung der Website erkl\u00e4ren und garantieren Sie, dass:<\/h3><p>1- Alle von Ihnen \u00fcbermittelten Informationen sind wahr, genau, aktuell und vollst\u00e4ndig.<\/p><p>2- Sie werden die Richtigkeit dieser Informationen wahren und diese Registrierungsinformationen bei Bedarf umgehend aktualisieren;<\/p><p>3- Sie werden die Website nicht f\u00fcr illegale oder unbefugte Zwecke nutzen.<\/p><p>4- Wenn Sie unwahre, ungenaue, nicht aktuelle oder unvollst\u00e4ndige Informationen angeben, haben wir das Recht, Ihr Konto zu sperren oder zu k\u00fcndigen.<\/p><h3>K\u00c4UFE UND ZAHLUNG:<\/h3><p>1- Sie erkl\u00e4ren sich damit einverstanden, f\u00fcr alle \u00fcber die Website get\u00e4tigten Eink\u00e4ufe aktuelle, vollst\u00e4ndige und genaue Kauf- und Kontoinformationen anzugeben. Sie erkl\u00e4ren sich au\u00dferdem damit einverstanden, Ihre Konto- und Zahlungsinformationen, einschlie\u00dflich E-Mail-Adresse, Zahlungsmethode und Ablaufdatum der Zahlungskarte, umgehend zu aktualisieren, damit wir Ihre Transaktionen abschlie\u00dfen und Sie bei Bedarf kontaktieren k\u00f6nnen.<\/p><p>2- Die von uns als erforderlich erachtete Mehrwertsteuer wird zum Kaufpreis hinzugerechnet. Wir k\u00f6nnen die Preise jederzeit \u00e4ndern.<\/p><p>3- Sie erkl\u00e4ren sich damit einverstanden, alle Geb\u00fchren zu den dann f\u00fcr Ihre Eink\u00e4ufe geltenden Preisen und alle anfallenden Servicegeb\u00fchren zu zahlen.<\/p><p>4- Wir behalten uns das Recht vor, etwaige Fehler oder Irrt\u00fcmer in der Preisgestaltung zu korrigieren, auch wenn wir bereits eine Zahlung angefordert oder erhalten haben.<\/p><h3>DATENSCHUTZ-BESTIMMUNGEN:<\/h3><p>Datenschutz und Sicherheit liegen uns am Herzen. Bitte lesen Sie unsere auf der Website ver\u00f6ffentlichten Datenschutzbestimmungen. Durch die Nutzung der Website erkl\u00e4ren Sie sich mit unserer Datenschutzrichtlinie einverstanden, die in diesen Nutzungsbedingungen enthalten ist.<\/p><p>S\u00e4mtliche Kredit-\/Debitkartendaten und pers\u00f6nlich identifizierbaren Informationen werden NICHT an Dritte gespeichert, verkauft, weitergegeben, vermietet oder verpachtet.<\/p><p>Wenn Sie auf unserer Website eine Zahlung f\u00fcr unsere Produkte oder Dienstleistungen t\u00e4tigen, werden die von Ihnen angeforderten Daten \u00fcber eine gesicherte Verbindung direkt an unseren Zahlungsanbieter \u00fcbermittelt.<\/p><p>Wir geben keine Debit-\/Kreditkartendaten an Dritte weiter.<\/p><p>Unser Unternehmen (sharmfasttrackairport.com) ergreift geeignete Ma\u00dfnahmen, um Datenschutz und Sicherheit zu gew\u00e4hrleisten, unter anderem durch verschiedene Hardware- und Softwaremethoden. Allerdings k\u00f6nnen wir die Sicherheit der online ver\u00f6ffentlichten Informationen nicht garantieren.<\/p><h3>ELEKTRONISCHE KOMMUNIKATION, TRANSAKTIONEN UND SIGNATUREN:<\/h3><p>Der Besuch der Website, das Versenden von E-Mails an uns und das Ausf\u00fcllen von Online-Formularen stellen elektronische Kommunikation dar. Sie erkl\u00e4ren sich damit einverstanden, elektronische Mitteilungen zu erhalten, und Sie erkl\u00e4ren sich damit einverstanden, dass alle Vereinbarungen, Mitteilungen, Offenlegungen und sonstigen Mitteilungen, die wir Ihnen elektronisch, per E-Mail und auf der Website zukommen lassen, allen gesetzlichen Anforderungen gen\u00fcgen, die eine solche Mitteilung in Schriftform erfordern.<\/p><\/div><\/div><\/div><\/div><\/div><\/div><div class=\"vc_row wpb_row vc_row-fluid vc_custom_1631456722823\"><div class=\"wpb_column vc_column_container vc_col-sm-12\"><div class=\"vc_column-inner\"><div class=\"wpb_wrapper\"><div class=\"wpb_text_column wpb_content_element \"><div class=\"wpb_wrapper\"><h3>Akzeptierte Karten<\/h3><p>Wir akzeptieren Visa und Mastercard. Wir arbeiten aktiv daran, weitere Zahlungsoptionen hinzuzuf\u00fcgen.<\/p><\/div><\/div><\/div><\/div><\/div><\/div>\t\t\t\t\t\t<\/div>\n\t\t\t\t<\/div>\n\t\t\t\t\t<\/div>\n\t\t<\/div>\n\t\t\t\t\t\t\t<\/div>\n\t\t<\/section>\n\t\t\t\t<section class=\"wd-negative-gap elementor-section elementor-top-section elementor-element elementor-element-72c448b elementor-section-boxed elementor-section-height-default elementor-section-height-default wd-section-disabled\" data-id=\"72c448b\" data-element_type=\"section\">\n\t\t\t\t\t\t<div class=\"elementor-container elementor-column-gap-default\">\n\t\t\t\t\t<div class=\"elementor-column elementor-col-100 elementor-top-column elementor-element elementor-element-f4ce214\" data-id=\"f4ce214\" data-element_type=\"column\">\n\t\t\t<div class=\"elementor-widget-wrap elementor-element-populated\">\n\t\t\t\t\t\t\t\t<div class=\"elementor-element elementor-element-1445df8 elementor-widget elementor-widget-image\" data-id=\"1445df8\" data-element_type=\"widget\" data-widget_type=\"image.default\">\n\t\t\t\t<div class=\"elementor-widget-container\">\n\t\t\t<style>\/*! elementor - v3.11.5 - 14-03-2023 *\/\n.elementor-widget-image{text-align:center}.elementor-widget-image a{display:inline-block}.elementor-widget-image a img[src$=\".svg\"]{width:48px}.elementor-widget-image img{vertical-align:middle;display:inline-block}<\/style>\t\t\t\t\t\t\t\t\t\t\t\t<img width=\"300\" height=\"82\" src=\"https:\/\/sharmfasttrackairport.com\/wp-content\/uploads\/2023\/05\/visa_mastercard_2-300x82-1.png\" class=\"attachment-large size-large wp-image-11598\" alt=\"\" loading=\"lazy\" srcset=\"https:\/\/sharmfasttrackairport.com\/wp-content\/uploads\/2023\/05\/visa_mastercard_2-300x82-1.png 300w, https:\/\/sharmfasttrackairport.com\/wp-content\/uploads\/2023\/05\/visa_mastercard_2-300x82-1-150x41.png 150w\" sizes=\"(max-width: 300px) 100vw, 300px\" \/>\t\t\t\t\t\t\t\t\t\t\t\t\t\t\t<\/div>\n\t\t\t\t<\/div>\n\t\t\t\t\t<\/div>\n\t\t<\/div>\n\t\t\t\t\t\t\t<\/div>\n\t\t<\/section>\n\t\t\t\t\t\t\t<\/div>\n\t\t","protected":false},"excerpt":{"rendered":"<p>Sharm Fast Track Im Besitz und Betrieb von SharmFastTrack, \u00c4gypten. Diese Nutzungsbedingungen stellen eine rechtsverbindliche Vereinbarung zwischen Ihnen pers\u00f6nlich und<\/p>\n","protected":false},"author":1,"featured_media":0,"parent":0,"menu_order":0,"comment_status":"closed","ping_status":"closed","template":"","meta":{"_mi_skip_tracking":false},"_links":{"self":[{"href":"https:\/\/sharmfasttrackairport.com\/de\/wp-json\/wp\/v2\/pages\/11631"}],"collection":[{"href":"https:\/\/sharmfasttrackairport.com\/de\/wp-json\/wp\/v2\/pages"}],"about":[{"href":"https:\/\/sharmfasttrackairport.com\/de\/wp-json\/wp\/v2\/types\/page"}],"author":[{"embeddable":true,"href":"https:\/\/sharmfasttrackairport.com\/de\/wp-json\/wp\/v2\/users\/1"}],"replies":[{"embeddable":true,"href":"https:\/\/sharmfasttrackairport.com\/de\/wp-json\/wp\/v2\/comments?post=11631"}],"version-history":[{"count":7,"href":"https:\/\/sharmfasttrackairport.com\/de\/wp-json\/wp\/v2\/pages\/11631\/revisions"}],"predecessor-version":[{"id":11638,"href":"https:\/\/sharmfasttrackairport.com\/de\/wp-json\/wp\/v2\/pages\/11631\/revisions\/11638"}],"wp:attachment":[{"href":"https:\/\/sharmfasttrackairport.com\/de\/wp-json\/wp\/v2\/media?parent=11631"}],"curies":[{"name":"wp","href":"https:\/\/api.w.org\/{rel}","templated":true}]}}