{"id":11169,"date":"2023-04-18T11:59:19","date_gmt":"2021-08-27T11:59:19","guid":{"rendered":"https:\/\/sharmfasttrackairport.com\/product\/fast-track-sharm-el-sheikh\/"},"modified":"2026-01-11T18:17:20","modified_gmt":"2026-01-11T18:17:20","slug":"fast-track-sharm-el-sheikh","status":"publish","type":"product","link":"https:\/\/sharmfasttrackairport.com\/de\/produkt\/fast-track-sharm-el-sheikh\/","title":{"rendered":"Schnelle Wege"},"content":{"rendered":"\t\t<div data-elementor-type=\"wp-post\" data-elementor-id=\"11169\" class=\"elementor elementor-11169 elementor-372\">\n\t\t\t\t\t\t\t\t\t<section class=\"wd-negative-gap elementor-section elementor-top-section elementor-element elementor-element-235c261 elementor-section-boxed elementor-section-height-default elementor-section-height-default wd-section-disabled\" data-id=\"235c261\" data-element_type=\"section\">\n\t\t\t\t\t\t<div class=\"elementor-container elementor-column-gap-default\">\n\t\t\t\t\t<div class=\"elementor-column elementor-col-50 elementor-top-column elementor-element elementor-element-7113d4b\" data-id=\"7113d4b\" data-element_type=\"column\">\n\t\t\t<div class=\"elementor-widget-wrap elementor-element-populated\">\n\t\t\t\t\t\t\t\t<div class=\"elementor-element elementor-element-54792bf elementor-widget elementor-widget-wd_text_block\" data-id=\"54792bf\" data-element_type=\"widget\" data-widget_type=\"wd_text_block.default\">\n\t\t\t\t<div class=\"elementor-widget-container\">\n\t\t\t\t\t<div class=\"wd-text-block reset-last-child text-left\">\n\t\t\t\n\t\t\t<p>Kosten f\u00fcr Erwachsene:\u00a0<strong> 45$<\/strong>\u00a0(Zus\u00e4tzliche Erwachsene kosten ebenfalls\u00a0<strong> 45$<\/strong>\u00a0jeder).<br \/>Kinderkosten:\u00a0<strong> 45$\u00a0<\/strong>(Zus\u00e4tzliche Kinder kosten<strong> 45$<\/strong>\u00a0jeder).<\/p><p>Erwachsene : 12+ Jahre<br \/>Kinder : 0 \u2013 11.99 Jahre<\/p>\n\t\t\t\t\t<\/div>\n\t\t\t\t<\/div>\n\t\t\t\t<\/div>\n\t\t\t\t\t<\/div>\n\t\t<\/div>\n\t\t\t\t<div class=\"elementor-column elementor-col-50 elementor-top-column elementor-element elementor-element-aae609e\" data-id=\"aae609e\" data-element_type=\"column\">\n\t\t\t<div class=\"elementor-widget-wrap elementor-element-populated\">\n\t\t\t\t\t\t\t\t<div class=\"elementor-element elementor-element-ed5ccda elementor-widget elementor-widget-wd_image_or_svg\" data-id=\"ed5ccda\" data-element_type=\"widget\" data-widget_type=\"wd_image_or_svg.default\">\n\t\t\t\t<div class=\"elementor-widget-container\">\n\t\t\t\n\t\t<div class=\"wd-image text-left\">\n\t\t\t\t\t\t\t\t<img width=\"768\" height=\"392\" src=\"https:\/\/sharmfasttrackairport.com\/wp-content\/uploads\/2021\/08\/meet-and-assist-airport-service5.jpg\" class=\"attachment-full size-full wp-image-8809\" alt=\"\" loading=\"lazy\" srcset=\"https:\/\/sharmfasttrackairport.com\/wp-content\/uploads\/2021\/08\/meet-and-assist-airport-service5.jpg 768w, https:\/\/sharmfasttrackairport.com\/wp-content\/uploads\/2021\/08\/meet-and-assist-airport-service5-400x204.jpg 400w, https:\/\/sharmfasttrackairport.com\/wp-content\/uploads\/2021\/08\/meet-and-assist-airport-service5-430x219.jpg 430w, https:\/\/sharmfasttrackairport.com\/wp-content\/uploads\/2021\/08\/meet-and-assist-airport-service5-700x357.jpg 700w, https:\/\/sharmfasttrackairport.com\/wp-content\/uploads\/2021\/08\/meet-and-assist-airport-service5-150x77.jpg 150w\" sizes=\"(max-width: 768px) 100vw, 768px\" \/>\t\t\t\t\t<\/div>\n\n\t\t\t\t<\/div>\n\t\t\t\t<\/div>\n\t\t\t\t\t<\/div>\n\t\t<\/div>\n\t\t\t\t\t\t\t<\/div>\n\t\t<\/section>\n\t\t\t\t\t\t\t<\/div>\n\t\t","protected":false},"excerpt":{"rendered":"<p>Wenn Sie einer der Passagiere sind, die nicht den ganzen Tag warten wollen, dann sind unsere schnelle Service hier, um alle Formalit\u00e4ten ohne Warteschlange am Flughafen zu erledigen. sparen Sie Ihre Zeit, denn wir glauben, wie wertvoll jede Minute in Ihrem Leben auch Sie den Rest Ihres Tages genie\u00dfen k\u00f6nnen.<\/p>\n<p>Sobald Ihr Flugzeug gelandet ist, werden Sie von einem unserer<br \/>\nh\u00f6flichen Agenten empfangen, der ein Willkommensschild mit Ihrem Namen des Gastes an Ihrem Ankunft-Gate h\u00e4lt. Er\/sie wird Ihre ImmigrationKarte ausf\u00fcllen, das Visum bei der Ankunft (falls erforderlich), Ihren Reispass oder Ausweis mit Passkontrolle \u00fcber einen VIP-Schalter stemplen, der Portierassistent wird Ihr Gep\u00e4ck abholen und hilft Ihnen beim Zoll. Endlish, Unser Vertreter begleitet Sie zur Ankunftshalle, zum Fahrzeug oder zu den Familienmitgliedern, die auf Ihre Ankunft warten, und sind Sie im einer Minute ausdem Flughafen.<\/p>\n","protected":false},"featured_media":10660,"comment_status":"open","ping_status":"closed","template":"","meta":{"_mi_skip_tracking":false},"product_cat":[146],"product_tag":[],"_links":{"self":[{"href":"https:\/\/sharmfasttrackairport.com\/de\/wp-json\/wp\/v2\/product\/11169"}],"collection":[{"href":"https:\/\/sharmfasttrackairport.com\/de\/wp-json\/wp\/v2\/product"}],"about":[{"href":"https:\/\/sharmfasttrackairport.com\/de\/wp-json\/wp\/v2\/types\/product"}],"replies":[{"embeddable":true,"href":"https:\/\/sharmfasttrackairport.com\/de\/wp-json\/wp\/v2\/comments?post=11169"}],"version-history":[{"count":12,"href":"https:\/\/sharmfasttrackairport.com\/de\/wp-json\/wp\/v2\/product\/11169\/revisions"}],"predecessor-version":[{"id":13074,"href":"https:\/\/sharmfasttrackairport.com\/de\/wp-json\/wp\/v2\/product\/11169\/revisions\/13074"}],"wp:featuredmedia":[{"embeddable":true,"href":"https:\/\/sharmfasttrackairport.com\/de\/wp-json\/wp\/v2\/media\/10660"}],"wp:attachment":[{"href":"https:\/\/sharmfasttrackairport.com\/de\/wp-json\/wp\/v2\/media?parent=11169"}],"wp:term":[{"taxonomy":"product_cat","embeddable":true,"href":"https:\/\/sharmfasttrackairport.com\/de\/wp-json\/wp\/v2\/product_cat?post=11169"},{"taxonomy":"product_tag","embeddable":true,"href":"https:\/\/sharmfasttrackairport.com\/de\/wp-json\/wp\/v2\/product_tag?post=11169"}],"curies":[{"name":"wp","href":"https:\/\/api.w.org\/{rel}","templated":true}]}}