{"id":11198,"date":"2023-04-17T17:58:13","date_gmt":"2023-04-04T17:58:13","guid":{"rendered":"https:\/\/sharmfasttrackairport.com\/product\/fast-track-silver\/"},"modified":"2026-01-11T18:21:52","modified_gmt":"2026-01-11T18:21:52","slug":"fast-track-silver","status":"publish","type":"product","link":"https:\/\/sharmfasttrackairport.com\/de\/produkt\/fast-track-silver\/","title":{"rendered":"Schneller Weg Silber"},"content":{"rendered":"\t\t<div data-elementor-type=\"wp-post\" data-elementor-id=\"11198\" class=\"elementor elementor-11198 elementor-8830\">\n\t\t\t\t\t\t\t\t\t<section class=\"wd-negative-gap elementor-section elementor-top-section elementor-element elementor-element-235c261 elementor-section-boxed elementor-section-height-default elementor-section-height-default wd-section-disabled\" data-id=\"235c261\" data-element_type=\"section\">\n\t\t\t\t\t\t<div class=\"elementor-container elementor-column-gap-default\">\n\t\t\t\t\t<div class=\"elementor-column elementor-col-50 elementor-top-column elementor-element elementor-element-7113d4b\" data-id=\"7113d4b\" data-element_type=\"column\">\n\t\t\t<div class=\"elementor-widget-wrap elementor-element-populated\">\n\t\t\t\t\t\t\t\t<div class=\"elementor-element elementor-element-54792bf elementor-widget elementor-widget-wd_text_block\" data-id=\"54792bf\" data-element_type=\"widget\" data-widget_type=\"wd_text_block.default\">\n\t\t\t\t<div class=\"elementor-widget-container\">\n\t\t\t\t\t<div class=\"wd-text-block reset-last-child text-left\">\n\t\t\t\n\t\t\t<ul><li style=\"list-style-type: none;\"><ul><li>Kosten f\u00fcr Erwachsene:\u00a0<strong> 85$<\/strong>\u00a0(Zus\u00e4tzliche Erwachsene kosten ebenfalls\u00a0<strong> 85$<\/strong>\u00a0jeder).<\/li><li>Kinderkosten:\u00a0<strong> 85$\u00a0<\/strong>(Zus\u00e4tzliche Kinder kosten<strong> 85$<\/strong>\u00a0jeder).<\/li><li>Kosten f\u00fcr Kleinkinder:\u00a0<strong> 45$ <\/strong>(jedes weitere Kleinkind<strong> 45$<\/strong>).<\/li><\/ul><\/li><\/ul><p>Erwachsene : 12+ Jahre \/\/\/ Kinder : 2 \u2013 11.99 Jahre \/\/\/ Kleinkinder: 0 \u2013 1.99 Jahre<\/p>\n\t\t\t\t\t<\/div>\n\t\t\t\t<\/div>\n\t\t\t\t<\/div>\n\t\t\t\t\t<\/div>\n\t\t<\/div>\n\t\t\t\t<div class=\"elementor-column elementor-col-50 elementor-top-column elementor-element elementor-element-aae609e\" data-id=\"aae609e\" data-element_type=\"column\">\n\t\t\t<div class=\"elementor-widget-wrap elementor-element-populated\">\n\t\t\t\t\t\t\t\t<div class=\"elementor-element elementor-element-ed5ccda elementor-widget elementor-widget-wd_image_or_svg\" data-id=\"ed5ccda\" data-element_type=\"widget\" data-widget_type=\"wd_image_or_svg.default\">\n\t\t\t\t<div class=\"elementor-widget-container\">\n\t\t\t\n\t\t<div class=\"wd-image text-left\">\n\t\t\t\t\t\t\t\t<img width=\"768\" height=\"392\" src=\"https:\/\/sharmfasttrackairport.com\/wp-content\/uploads\/2023\/04\/Meet-and-assist-plus-6.jpg\" class=\"attachment-full size-full wp-image-8836\" alt=\"\" loading=\"lazy\" srcset=\"https:\/\/sharmfasttrackairport.com\/wp-content\/uploads\/2023\/04\/Meet-and-assist-plus-6.jpg 768w, https:\/\/sharmfasttrackairport.com\/wp-content\/uploads\/2023\/04\/Meet-and-assist-plus-6-400x204.jpg 400w, https:\/\/sharmfasttrackairport.com\/wp-content\/uploads\/2023\/04\/Meet-and-assist-plus-6-430x219.jpg 430w, https:\/\/sharmfasttrackairport.com\/wp-content\/uploads\/2023\/04\/Meet-and-assist-plus-6-700x357.jpg 700w, https:\/\/sharmfasttrackairport.com\/wp-content\/uploads\/2023\/04\/Meet-and-assist-plus-6-150x77.jpg 150w\" sizes=\"(max-width: 768px) 100vw, 768px\" \/>\t\t\t\t\t<\/div>\n\n\t\t\t\t<\/div>\n\t\t\t\t<\/div>\n\t\t\t\t\t<\/div>\n\t\t<\/div>\n\t\t\t\t\t\t\t<\/div>\n\t\t<\/section>\n\t\t\t\t\t\t\t<\/div>\n\t\t","protected":false},"excerpt":{"rendered":"<p>F\u00fcr mehr Luxus begleiten wir Sie direkt in die VIP-Lounge des internationalen Flughafens Sharm el Sheikh, nachdem alle Formalit\u00e4ten sehr schnell erledigt sind, ob Business oder Economy Class, um sich vor Ihrem Flug zu entspannen und mit allen Einrichtungen zu genie\u00dfen, die Sie ben\u00f6tigen. Sie werden von einem unserer h\u00f6flichen Agenten empfangen, der ein Willkommensschild mit dem Namen des Gastes am Gate des Abflugterminals mit Portierassistent h\u00e4lt. Unser Agent erledigt alle Abflugformalit\u00e4ten ohne in der Warteschlange zu stehen und sehr schnell durch VIP-Schalter und begleitet Sie in die VIP-Lounge.<\/p>\n","protected":false},"featured_media":10680,"comment_status":"open","ping_status":"closed","template":"","meta":{"_mi_skip_tracking":false},"product_cat":[151,146],"product_tag":[],"_links":{"self":[{"href":"https:\/\/sharmfasttrackairport.com\/de\/wp-json\/wp\/v2\/product\/11198"}],"collection":[{"href":"https:\/\/sharmfasttrackairport.com\/de\/wp-json\/wp\/v2\/product"}],"about":[{"href":"https:\/\/sharmfasttrackairport.com\/de\/wp-json\/wp\/v2\/types\/product"}],"replies":[{"embeddable":true,"href":"https:\/\/sharmfasttrackairport.com\/de\/wp-json\/wp\/v2\/comments?post=11198"}],"version-history":[{"count":15,"href":"https:\/\/sharmfasttrackairport.com\/de\/wp-json\/wp\/v2\/product\/11198\/revisions"}],"predecessor-version":[{"id":13087,"href":"https:\/\/sharmfasttrackairport.com\/de\/wp-json\/wp\/v2\/product\/11198\/revisions\/13087"}],"wp:featuredmedia":[{"embeddable":true,"href":"https:\/\/sharmfasttrackairport.com\/de\/wp-json\/wp\/v2\/media\/10680"}],"wp:attachment":[{"href":"https:\/\/sharmfasttrackairport.com\/de\/wp-json\/wp\/v2\/media?parent=11198"}],"wp:term":[{"taxonomy":"product_cat","embeddable":true,"href":"https:\/\/sharmfasttrackairport.com\/de\/wp-json\/wp\/v2\/product_cat?post=11198"},{"taxonomy":"product_tag","embeddable":true,"href":"https:\/\/sharmfasttrackairport.com\/de\/wp-json\/wp\/v2\/product_tag?post=11198"}],"curies":[{"name":"wp","href":"https:\/\/api.w.org\/{rel}","templated":true}]}}