{"id":11220,"date":"2023-04-16T18:02:06","date_gmt":"2023-04-04T18:02:06","guid":{"rendered":"https:\/\/sharmfasttrackairport.com\/product\/fast-track-gold\/"},"modified":"2026-01-11T18:26:41","modified_gmt":"2026-01-11T18:26:41","slug":"fast-track-gold","status":"publish","type":"product","link":"https:\/\/sharmfasttrackairport.com\/de\/produkt\/fast-track-gold\/","title":{"rendered":"Schnelle Wege Gold"},"content":{"rendered":"\t\t<div data-elementor-type=\"wp-post\" data-elementor-id=\"11220\" class=\"elementor elementor-11220 elementor-8842\">\n\t\t\t\t\t\t\t\t\t<section class=\"wd-negative-gap elementor-section elementor-top-section elementor-element elementor-element-235c261 elementor-section-boxed elementor-section-height-default elementor-section-height-default wd-section-disabled\" data-id=\"235c261\" data-element_type=\"section\">\n\t\t\t\t\t\t<div class=\"elementor-container elementor-column-gap-default\">\n\t\t\t\t\t<div class=\"elementor-column elementor-col-50 elementor-top-column elementor-element elementor-element-7113d4b\" data-id=\"7113d4b\" data-element_type=\"column\">\n\t\t\t<div class=\"elementor-widget-wrap elementor-element-populated\">\n\t\t\t\t\t\t\t\t<div class=\"elementor-element elementor-element-54792bf elementor-widget elementor-widget-wd_text_block\" data-id=\"54792bf\" data-element_type=\"widget\" data-widget_type=\"wd_text_block.default\">\n\t\t\t\t<div class=\"elementor-widget-container\">\n\t\t\t\t\t<div class=\"wd-text-block reset-last-child text-left\">\n\t\t\t\n\t\t\t<p>Ankunft: Erster Erwachsener Kosten <strong>215<\/strong><strong>$<\/strong>\u00a0(Jeder weitere Erwachsene und Kinder kosten\u00a0<strong>45$<\/strong>; Kleinkinder jeweils\u00a0<strong>45$<\/strong>).<\/p><p><strong>Abfahrt<\/strong>: Erster Erwachsener Kosten <strong>215<\/strong><strong>$<\/strong>\u00a0(Jeder weitere Erwachsene und Kinder kosten\u00a0<strong>85$<\/strong>; Kleinkinder jeweils\u00a0<strong>45$<\/strong>).<\/p><p>Erwachsene: 12+ Jahre \/\/\/ Kinder: 2 \u2013 11.99 Jahre \/\/\/ Kleinkinder: 0 \u2013 1.99 Jahre<\/p>\n\t\t\t\t\t<\/div>\n\t\t\t\t<\/div>\n\t\t\t\t<\/div>\n\t\t\t\t\t<\/div>\n\t\t<\/div>\n\t\t\t\t<div class=\"elementor-column elementor-col-50 elementor-top-column elementor-element elementor-element-aae609e\" data-id=\"aae609e\" data-element_type=\"column\">\n\t\t\t<div class=\"elementor-widget-wrap elementor-element-populated\">\n\t\t\t\t\t\t\t\t<div class=\"elementor-element elementor-element-ed5ccda elementor-widget elementor-widget-wd_image_or_svg\" data-id=\"ed5ccda\" data-element_type=\"widget\" data-widget_type=\"wd_image_or_svg.default\">\n\t\t\t\t<div class=\"elementor-widget-container\">\n\t\t\t\n\t\t<div class=\"wd-image text-left\">\n\t\t\t\t\t\t\t\t<img width=\"768\" height=\"392\" src=\"https:\/\/sharmfasttrackairport.com\/wp-content\/uploads\/2023\/04\/Meet-and-assist-plus-4-1.jpg\" class=\"attachment-full size-full wp-image-8847\" alt=\"\" loading=\"lazy\" srcset=\"https:\/\/sharmfasttrackairport.com\/wp-content\/uploads\/2023\/04\/Meet-and-assist-plus-4-1.jpg 768w, https:\/\/sharmfasttrackairport.com\/wp-content\/uploads\/2023\/04\/Meet-and-assist-plus-4-1-400x204.jpg 400w, https:\/\/sharmfasttrackairport.com\/wp-content\/uploads\/2023\/04\/Meet-and-assist-plus-4-1-430x219.jpg 430w, https:\/\/sharmfasttrackairport.com\/wp-content\/uploads\/2023\/04\/Meet-and-assist-plus-4-1-700x357.jpg 700w, https:\/\/sharmfasttrackairport.com\/wp-content\/uploads\/2023\/04\/Meet-and-assist-plus-4-1-150x77.jpg 150w\" sizes=\"(max-width: 768px) 100vw, 768px\" \/>\t\t\t\t\t<\/div>\n\n\t\t\t\t<\/div>\n\t\t\t\t<\/div>\n\t\t\t\t\t<\/div>\n\t\t<\/div>\n\t\t\t\t\t\t\t<\/div>\n\t\t<\/section>\n\t\t\t\t\t\t\t<\/div>\n\t\t","protected":false},"excerpt":{"rendered":"<p>Machen Sie Ihr Reisen privater und luxuri\u00f6ser und fahren Sie mit einem privaten Fahrzeug zu Ihrer Flugzeugt\u00fcr. Nachdem Sie alle Formalit\u00e4ten f\u00fcr Business- oder Economy-Kurse sehr schnell erledigt haben, begleitet Sie unser Agent zur VIP-Lounge, um sich vor Ihrem Flug zu entspannen und alle erforderlichen Einrichtungen zu nutzen. Anschlie\u00dfend fahren Sie mit einem privaten Fahrzeug zur Flugzeugt\u00fcr.<\/p>\n<p>Sie werden von einem unserer h\u00f6flichen Agenten empfangen, der ein Begr\u00fc\u00dfungsschild mit dem Namen des Gastes am Tor des Abflugterminals mit Portierassistent h\u00e4lt. Unser Agent erledigt alle Abflugformalit\u00e4ten ohne Warteschlange und sehr schnell an VIP-Schaltern.<\/p>\n","protected":false},"featured_media":10708,"comment_status":"open","ping_status":"closed","template":"","meta":{"_mi_skip_tracking":false},"product_cat":[147,146],"product_tag":[],"_links":{"self":[{"href":"https:\/\/sharmfasttrackairport.com\/de\/wp-json\/wp\/v2\/product\/11220"}],"collection":[{"href":"https:\/\/sharmfasttrackairport.com\/de\/wp-json\/wp\/v2\/product"}],"about":[{"href":"https:\/\/sharmfasttrackairport.com\/de\/wp-json\/wp\/v2\/types\/product"}],"replies":[{"embeddable":true,"href":"https:\/\/sharmfasttrackairport.com\/de\/wp-json\/wp\/v2\/comments?post=11220"}],"version-history":[{"count":15,"href":"https:\/\/sharmfasttrackairport.com\/de\/wp-json\/wp\/v2\/product\/11220\/revisions"}],"predecessor-version":[{"id":13109,"href":"https:\/\/sharmfasttrackairport.com\/de\/wp-json\/wp\/v2\/product\/11220\/revisions\/13109"}],"wp:featuredmedia":[{"embeddable":true,"href":"https:\/\/sharmfasttrackairport.com\/de\/wp-json\/wp\/v2\/media\/10708"}],"wp:attachment":[{"href":"https:\/\/sharmfasttrackairport.com\/de\/wp-json\/wp\/v2\/media?parent=11220"}],"wp:term":[{"taxonomy":"product_cat","embeddable":true,"href":"https:\/\/sharmfasttrackairport.com\/de\/wp-json\/wp\/v2\/product_cat?post=11220"},{"taxonomy":"product_tag","embeddable":true,"href":"https:\/\/sharmfasttrackairport.com\/de\/wp-json\/wp\/v2\/product_tag?post=11220"}],"curies":[{"name":"wp","href":"https:\/\/api.w.org\/{rel}","templated":true}]}}