{"id":11249,"date":"2023-04-04T18:05:52","date_gmt":"2023-04-04T18:05:52","guid":{"rendered":"https:\/\/sharmfasttrackairport.com\/product\/royal-fast-track\/"},"modified":"2026-01-11T18:30:25","modified_gmt":"2026-01-11T18:30:25","slug":"royal-fast-track","status":"publish","type":"product","link":"https:\/\/sharmfasttrackairport.com\/de\/produkt\/royal-fast-track\/","title":{"rendered":"K\u00f6niglicher Schnelle Wege"},"content":{"rendered":"\t\t<div data-elementor-type=\"wp-post\" data-elementor-id=\"11249\" class=\"elementor elementor-11249 elementor-8854\">\n\t\t\t\t\t\t\t\t\t<section class=\"wd-negative-gap elementor-section elementor-top-section elementor-element elementor-element-235c261 elementor-section-boxed elementor-section-height-default elementor-section-height-default wd-section-disabled\" data-id=\"235c261\" data-element_type=\"section\">\n\t\t\t\t\t\t<div class=\"elementor-container elementor-column-gap-default\">\n\t\t\t\t\t<div class=\"elementor-column elementor-col-50 elementor-top-column elementor-element elementor-element-7113d4b\" data-id=\"7113d4b\" data-element_type=\"column\">\n\t\t\t<div class=\"elementor-widget-wrap elementor-element-populated\">\n\t\t\t\t\t\t\t\t<div class=\"elementor-element elementor-element-54792bf elementor-widget elementor-widget-wd_text_block\" data-id=\"54792bf\" data-element_type=\"widget\" data-widget_type=\"wd_text_block.default\">\n\t\t\t\t<div class=\"elementor-widget-container\">\n\t\t\t\t\t<div class=\"wd-text-block reset-last-child text-left\">\n\t\t\t\n\t\t\t<p>Von 1 \u2013 3 Passagiere Kosten\u00a0<strong>550$<\/strong>\u00a0Gesamt<br \/>F\u00fcr jeden weiteren Passagier je\u00a0<strong>215$<\/strong><\/p>\n\t\t\t\t\t<\/div>\n\t\t\t\t<\/div>\n\t\t\t\t<\/div>\n\t\t\t\t\t<\/div>\n\t\t<\/div>\n\t\t\t\t<div class=\"elementor-column elementor-col-50 elementor-top-column elementor-element elementor-element-aae609e\" data-id=\"aae609e\" data-element_type=\"column\">\n\t\t\t<div class=\"elementor-widget-wrap elementor-element-populated\">\n\t\t\t\t\t\t\t\t<div class=\"elementor-element elementor-element-ed5ccda elementor-widget elementor-widget-wd_image_or_svg\" data-id=\"ed5ccda\" data-element_type=\"widget\" data-widget_type=\"wd_image_or_svg.default\">\n\t\t\t\t<div class=\"elementor-widget-container\">\n\t\t\t\n\t\t<div class=\"wd-image text-left\">\n\t\t\t\t\t\t\t\t<img width=\"768\" height=\"392\" src=\"https:\/\/sharmfasttrackairport.com\/wp-content\/uploads\/2023\/04\/princes-service-10.jpg\" class=\"attachment-full size-full wp-image-8865\" alt=\"\" loading=\"lazy\" srcset=\"https:\/\/sharmfasttrackairport.com\/wp-content\/uploads\/2023\/04\/princes-service-10.jpg 768w, https:\/\/sharmfasttrackairport.com\/wp-content\/uploads\/2023\/04\/princes-service-10-400x204.jpg 400w, https:\/\/sharmfasttrackairport.com\/wp-content\/uploads\/2023\/04\/princes-service-10-430x219.jpg 430w, https:\/\/sharmfasttrackairport.com\/wp-content\/uploads\/2023\/04\/princes-service-10-700x357.jpg 700w, https:\/\/sharmfasttrackairport.com\/wp-content\/uploads\/2023\/04\/princes-service-10-150x77.jpg 150w\" sizes=\"(max-width: 768px) 100vw, 768px\" \/>\t\t\t\t\t<\/div>\n\n\t\t\t\t<\/div>\n\t\t\t\t<\/div>\n\t\t\t\t\t<\/div>\n\t\t<\/div>\n\t\t\t\t\t\t\t<\/div>\n\t\t<\/section>\n\t\t\t\t\t\t\t<\/div>\n\t\t","protected":false},"excerpt":{"rendered":"<p>Luxus und Privatsph\u00e4re sind der Titel des Prinzendienstes. Sobald Ihr Flugzeug gelandet ist, werden Sie von einem unserer h\u00f6flichen Agenten empfangen, der ein Willkommensschild mit dem Namen des Gastes vor der T\u00fcr Ihres Flugzeugs h\u00e4lt. Er\/sie f\u00e4hrt Sie dann in einem Privatfahrzeug zur VIP-Lounge und genie\u00dft mit Getr\u00e4nken, Snacks, WiFi, Fernsehen, wartet darauf, dass unser Agent alle Formalit\u00e4ten erledigt (f\u00fcllen Sie Ihre immigrationKarte, Visum bei der Ankunft (falls erforderlich), stempeln Sie Ihren Pass auf die Passkontrolle, holen Sie Ihr Gep\u00e4ck ab) sehr schnell. Am Ende begleitet Sie unser Vertreter zur Ankunftshalle, zum Fahrzeug oder zu den Familienmitgliedern, die auf Ihre Ankunft warten.<\/p>\n","protected":false},"featured_media":10736,"comment_status":"open","ping_status":"closed","template":"","meta":{"_mi_skip_tracking":false},"product_cat":[157],"product_tag":[],"_links":{"self":[{"href":"https:\/\/sharmfasttrackairport.com\/de\/wp-json\/wp\/v2\/product\/11249"}],"collection":[{"href":"https:\/\/sharmfasttrackairport.com\/de\/wp-json\/wp\/v2\/product"}],"about":[{"href":"https:\/\/sharmfasttrackairport.com\/de\/wp-json\/wp\/v2\/types\/product"}],"replies":[{"embeddable":true,"href":"https:\/\/sharmfasttrackairport.com\/de\/wp-json\/wp\/v2\/comments?post=11249"}],"version-history":[{"count":8,"href":"https:\/\/sharmfasttrackairport.com\/de\/wp-json\/wp\/v2\/product\/11249\/revisions"}],"predecessor-version":[{"id":13124,"href":"https:\/\/sharmfasttrackairport.com\/de\/wp-json\/wp\/v2\/product\/11249\/revisions\/13124"}],"wp:featuredmedia":[{"embeddable":true,"href":"https:\/\/sharmfasttrackairport.com\/de\/wp-json\/wp\/v2\/media\/10736"}],"wp:attachment":[{"href":"https:\/\/sharmfasttrackairport.com\/de\/wp-json\/wp\/v2\/media?parent=11249"}],"wp:term":[{"taxonomy":"product_cat","embeddable":true,"href":"https:\/\/sharmfasttrackairport.com\/de\/wp-json\/wp\/v2\/product_cat?post=11249"},{"taxonomy":"product_tag","embeddable":true,"href":"https:\/\/sharmfasttrackairport.com\/de\/wp-json\/wp\/v2\/product_tag?post=11249"}],"curies":[{"name":"wp","href":"https:\/\/api.w.org\/{rel}","templated":true}]}}