{"id":11283,"date":"2023-04-15T18:00:08","date_gmt":"2023-04-04T18:15:08","guid":{"rendered":"https:\/\/sharmfasttrackairport.com\/product\/vip-lounge\/"},"modified":"2026-01-11T18:34:10","modified_gmt":"2026-01-11T18:34:10","slug":"vip-lounge","status":"publish","type":"product","link":"https:\/\/sharmfasttrackairport.com\/de\/produkt\/vip-lounge\/","title":{"rendered":"Lounges Entspannt"},"content":{"rendered":"\t\t<div data-elementor-type=\"wp-post\" data-elementor-id=\"11283\" class=\"elementor elementor-11283 elementor-8873\">\n\t\t\t\t\t\t\t\t\t<section class=\"wd-negative-gap elementor-section elementor-top-section elementor-element elementor-element-235c261 elementor-section-boxed elementor-section-height-default elementor-section-height-default wd-section-disabled\" data-id=\"235c261\" data-element_type=\"section\">\n\t\t\t\t\t\t<div class=\"elementor-container elementor-column-gap-default\">\n\t\t\t\t\t<div class=\"elementor-column elementor-col-50 elementor-top-column elementor-element elementor-element-7113d4b\" data-id=\"7113d4b\" data-element_type=\"column\">\n\t\t\t<div class=\"elementor-widget-wrap elementor-element-populated\">\n\t\t\t\t\t\t\t\t<div class=\"elementor-element elementor-element-54792bf elementor-widget elementor-widget-wd_text_block\" data-id=\"54792bf\" data-element_type=\"widget\" data-widget_type=\"wd_text_block.default\">\n\t\t\t\t<div class=\"elementor-widget-container\">\n\t\t\t\t\t<div class=\"wd-text-block reset-last-child text-left\">\n\t\t\t\n\t\t\t<p>Kosten f\u00fcr Erwachsene: <strong>55<\/strong><strong>$<\/strong> (Zus\u00e4tzliche Erwachsene kosten ebenfalls <strong>55<\/strong><strong>$<\/strong>\u00a0jeder).<br \/>Kinderkosten: <strong>55<\/strong><strong>$ <\/strong>(Zus\u00e4tzliche Kinder kosten<strong> 55$<\/strong>\u00a0jeder).<\/p><p>Kleinkinder haben freien Eintritt<\/p><p>Erwachsene: 12+ Jahre \/\/\/ Kinder: 2 \u2013 11.99 Jahre \/\/\/ Kleinkinder: 0 \u2013 1.99 Jahre<\/p>\n\t\t\t\t\t<\/div>\n\t\t\t\t<\/div>\n\t\t\t\t<\/div>\n\t\t\t\t\t<\/div>\n\t\t<\/div>\n\t\t\t\t<div class=\"elementor-column elementor-col-50 elementor-top-column elementor-element elementor-element-aae609e\" data-id=\"aae609e\" data-element_type=\"column\">\n\t\t\t<div class=\"elementor-widget-wrap elementor-element-populated\">\n\t\t\t\t\t\t\t\t<div class=\"elementor-element elementor-element-ed5ccda elementor-widget elementor-widget-wd_image_or_svg\" data-id=\"ed5ccda\" data-element_type=\"widget\" data-widget_type=\"wd_image_or_svg.default\">\n\t\t\t\t<div class=\"elementor-widget-container\">\n\t\t\t\n\t\t<div class=\"wd-image text-left\">\n\t\t\t\t\t\t\t\t<img width=\"768\" height=\"392\" src=\"https:\/\/sharmfasttrackairport.com\/wp-content\/uploads\/2023\/04\/vip-lounge-sharm-13-1.jpg\" class=\"attachment-full size-full wp-image-8887\" alt=\"\" loading=\"lazy\" srcset=\"https:\/\/sharmfasttrackairport.com\/wp-content\/uploads\/2023\/04\/vip-lounge-sharm-13-1.jpg 768w, https:\/\/sharmfasttrackairport.com\/wp-content\/uploads\/2023\/04\/vip-lounge-sharm-13-1-400x204.jpg 400w, https:\/\/sharmfasttrackairport.com\/wp-content\/uploads\/2023\/04\/vip-lounge-sharm-13-1-430x219.jpg 430w, https:\/\/sharmfasttrackairport.com\/wp-content\/uploads\/2023\/04\/vip-lounge-sharm-13-1-700x357.jpg 700w, https:\/\/sharmfasttrackairport.com\/wp-content\/uploads\/2023\/04\/vip-lounge-sharm-13-1-150x77.jpg 150w\" sizes=\"(max-width: 768px) 100vw, 768px\" \/>\t\t\t\t\t<\/div>\n\n\t\t\t\t<\/div>\n\t\t\t\t<\/div>\n\t\t\t\t\t<\/div>\n\t\t<\/div>\n\t\t\t\t\t\t\t<\/div>\n\t\t<\/section>\n\t\t\t\t\t\t\t<\/div>\n\t\t","protected":false},"excerpt":{"rendered":"<p>Machen Sie das Beste aus der Zeit vor Ihrem Abflug und genie\u00dfen Sie die komfortable Lounge des Flughafen Sharm El Seikh. Au\u00dferdem k\u00f6nnen alle Passagiere mit einem Economy Class-Ticket \u2013 unabh\u00e4ngig von der Airline (Aufenthalt bis zu 3 Stunden) nutzen.<\/p>\n","protected":false},"featured_media":10776,"comment_status":"open","ping_status":"closed","template":"","meta":{"_mi_skip_tracking":false},"product_cat":[161],"product_tag":[],"_links":{"self":[{"href":"https:\/\/sharmfasttrackairport.com\/de\/wp-json\/wp\/v2\/product\/11283"}],"collection":[{"href":"https:\/\/sharmfasttrackairport.com\/de\/wp-json\/wp\/v2\/product"}],"about":[{"href":"https:\/\/sharmfasttrackairport.com\/de\/wp-json\/wp\/v2\/types\/product"}],"replies":[{"embeddable":true,"href":"https:\/\/sharmfasttrackairport.com\/de\/wp-json\/wp\/v2\/comments?post=11283"}],"version-history":[{"count":12,"href":"https:\/\/sharmfasttrackairport.com\/de\/wp-json\/wp\/v2\/product\/11283\/revisions"}],"predecessor-version":[{"id":13139,"href":"https:\/\/sharmfasttrackairport.com\/de\/wp-json\/wp\/v2\/product\/11283\/revisions\/13139"}],"wp:featuredmedia":[{"embeddable":true,"href":"https:\/\/sharmfasttrackairport.com\/de\/wp-json\/wp\/v2\/media\/10776"}],"wp:attachment":[{"href":"https:\/\/sharmfasttrackairport.com\/de\/wp-json\/wp\/v2\/media?parent=11283"}],"wp:term":[{"taxonomy":"product_cat","embeddable":true,"href":"https:\/\/sharmfasttrackairport.com\/de\/wp-json\/wp\/v2\/product_cat?post=11283"},{"taxonomy":"product_tag","embeddable":true,"href":"https:\/\/sharmfasttrackairport.com\/de\/wp-json\/wp\/v2\/product_tag?post=11283"}],"curies":[{"name":"wp","href":"https:\/\/api.w.org\/{rel}","templated":true}]}}